{"id":1040,"date":"2026-03-23T12:03:42","date_gmt":"2026-03-23T12:03:42","guid":{"rendered":"https:\/\/nn247.ngmprojektit.fi\/?page_id=1040"},"modified":"2026-03-23T12:17:46","modified_gmt":"2026-03-23T12:17:46","slug":"parts","status":"publish","type":"page","link":"https:\/\/nn247.ngmprojektit.fi\/?page_id=1040","title":{"rendered":"Parts"},"content":{"rendered":"\t\t<div data-elementor-type=\"wp-page\" data-elementor-id=\"1040\" class=\"elementor elementor-1040\" data-elementor-post-type=\"page\">\n\t\t\t\t<div class=\"elementor-element elementor-element-b21ce0e e-flex e-con-boxed e-con e-parent\" data-id=\"b21ce0e\" data-element_type=\"container\" data-e-type=\"container\" data-settings=\"{&quot;background_background&quot;:&quot;classic&quot;,&quot;shape_divider_bottom&quot;:&quot;curve&quot;}\">\n\t\t\t\t\t<div class=\"e-con-inner\">\n\t\t\t\t<div class=\"elementor-shape elementor-shape-bottom\" aria-hidden=\"true\" data-negative=\"false\">\n\t\t\t<svg xmlns=\"http:\/\/www.w3.org\/2000\/svg\" viewBox=\"0 0 1000 100\" preserveAspectRatio=\"none\">\n    <path class=\"elementor-shape-fill\" d=\"M1000,4.3V0H0v4.3C0.9,23.1,126.7,99.2,500,100S1000,22.7,1000,4.3z\"\/>\n<\/svg>\t\t<\/div>\n\t\t<div class=\"elementor-element elementor-element-9203211 e-con-full e-flex e-con e-child\" data-id=\"9203211\" data-element_type=\"container\" data-e-type=\"container\">\n\t\t\t\t<div class=\"elementor-element elementor-element-201cecf elementor-widget elementor-widget-heading\" data-id=\"201cecf\" data-element_type=\"widget\" data-e-type=\"widget\" data-widget_type=\"heading.default\">\n\t\t\t\t\t<h2 class=\"elementor-heading-title elementor-size-default\">N247 - Parts<\/h2>\t\t\t\t<\/div>\n\t\t<div class=\"elementor-element elementor-element-682d102 e-flex e-con-boxed e-con e-child\" data-id=\"682d102\" data-element_type=\"container\" data-e-type=\"container\">\n\t\t\t\t\t<div class=\"e-con-inner\">\n\t\t\t\t<div class=\"elementor-element elementor-element-b7d7bab elementor-widget__width-initial elementor-widget elementor-widget-text-editor\" data-id=\"b7d7bab\" data-element_type=\"widget\" data-e-type=\"widget\" data-widget_type=\"text-editor.default\">\n\t\t\t\t\t\t\t\t\t<p data-start=\"317\" data-end=\"480\">Autamme sinua valitsemaan oikean osan k\u00e4ytt\u00f6tarkoituksen, budjetin ja ajoneuvon mukaan. N\u00e4in varmistat parhaan mahdollisen lopputuloksen ilman turhia kustannuksia.<\/p>\t\t\t\t\t\t\t\t<\/div>\n\t\t\t\t\t<\/div>\n\t\t\t\t<\/div>\n\t\t\t\t<\/div>\n\t\t<div class=\"elementor-element elementor-element-5ba8cbc e-con-full e-flex e-con e-child\" data-id=\"5ba8cbc\" data-element_type=\"container\" data-e-type=\"container\">\n\t\t\t\t<\/div>\n\t\t\t\t\t<\/div>\n\t\t\t\t<\/div>\n\t\t<div class=\"elementor-element elementor-element-10d86c0 e-flex e-con-boxed e-con e-parent\" data-id=\"10d86c0\" data-element_type=\"container\" data-e-type=\"container\" data-settings=\"{&quot;background_background&quot;:&quot;gradient&quot;,&quot;background_motion_fx_motion_fx_scrolling&quot;:&quot;yes&quot;,&quot;background_motion_fx_devices&quot;:[&quot;desktop&quot;,&quot;tablet&quot;,&quot;mobile&quot;]}\">\n\t\t\t\t\t<div class=\"e-con-inner\">\n\t\t<div class=\"elementor-element elementor-element-a2659e4 e-con-full e-flex e-con e-child\" data-id=\"a2659e4\" data-element_type=\"container\" data-e-type=\"container\" data-settings=\"{&quot;background_background&quot;:&quot;classic&quot;}\">\n\t\t\t\t<div class=\"elementor-element elementor-element-2ab9ba4 elementor-widget elementor-widget-image\" data-id=\"2ab9ba4\" data-element_type=\"widget\" data-e-type=\"widget\" data-widget_type=\"image.default\">\n\t\t\t\t\t\t\t\t\t\t\t\t\t\t\t<img fetchpriority=\"high\" decoding=\"async\" width=\"300\" height=\"270\" src=\"https:\/\/nn247.ngmprojektit.fi\/wp-content\/uploads\/2026\/03\/Nimeton-malli-2026-03-23T140017.812.png\" class=\"attachment-large size-large wp-image-1030\" alt=\"\" \/>\t\t\t\t\t\t\t\t\t\t\t\t\t\t\t<\/div>\n\t\t\t\t<div class=\"elementor-element elementor-element-1bf94d2 elementor-widget elementor-widget-heading\" data-id=\"1bf94d2\" data-element_type=\"widget\" data-e-type=\"widget\" data-widget_type=\"heading.default\">\n\t\t\t\t\t<h2 class=\"elementor-heading-title elementor-size-default\">N247 Parts  <\/h2>\t\t\t\t<\/div>\n\t\t\t\t<div class=\"elementor-element elementor-element-94d8634 elementor-widget elementor-widget-text-editor\" data-id=\"94d8634\" data-element_type=\"widget\" data-e-type=\"widget\" data-widget_type=\"text-editor.default\">\n\t\t\t\t\t\t\t\t\t<p>T\u00e4yt\u00e4 lomake ja kerro, mit\u00e4 varaosia tarvitset. Etsimme sinulle sopivimmat vaihtoehdot eri laatuluokista \u2013 nopeasti ja vaivattomasti.<\/p>\t\t\t\t\t\t\t\t<\/div>\n\t\t<div class=\"elementor-element elementor-element-0a16f0a e-con-full e-flex e-con e-child\" data-id=\"0a16f0a\" data-element_type=\"container\" data-e-type=\"container\">\n\t\t\t\t<div class=\"elementor-element elementor-element-99f239a elementor-widget elementor-widget-heading\" data-id=\"99f239a\" data-element_type=\"widget\" data-e-type=\"widget\" data-widget_type=\"heading.default\">\n\t\t\t\t\t<h2 class=\"elementor-heading-title elementor-size-default\">Varaosalomake <\/h2>\t\t\t\t<\/div>\n\t\t\t\t<div class=\"elementor-element elementor-element-5432234 elementor-button-align-stretch elementor-widget elementor-widget-form\" data-id=\"5432234\" data-element_type=\"widget\" data-e-type=\"widget\" data-settings=\"{&quot;step_next_label&quot;:&quot;Next&quot;,&quot;step_previous_label&quot;:&quot;Previous&quot;,&quot;button_width&quot;:&quot;100&quot;,&quot;step_type&quot;:&quot;number_text&quot;,&quot;step_icon_shape&quot;:&quot;circle&quot;}\" data-widget_type=\"form.default\">\n\t\t\t\t\t\t\t<form class=\"elementor-form\" method=\"post\" name=\"New Form\" aria-label=\"New Form\">\n\t\t\t<input type=\"hidden\" name=\"post_id\" value=\"1040\"\/>\n\t\t\t<input type=\"hidden\" name=\"form_id\" value=\"5432234\"\/>\n\t\t\t<input type=\"hidden\" name=\"referer_title\" value=\"Parts\" \/>\n\n\t\t\t\t\t\t\t<input type=\"hidden\" name=\"queried_id\" value=\"1040\"\/>\n\t\t\t\n\t\t\t<div class=\"elementor-form-fields-wrapper elementor-labels-\">\n\t\t\t\t\t\t\t\t<div class=\"elementor-field-type-text elementor-field-group elementor-column elementor-field-group-name elementor-col-50\">\n\t\t\t\t\t\t\t\t\t\t\t\t<label for=\"form-field-name\" class=\"elementor-field-label elementor-screen-only\">\n\t\t\t\t\t\t\t\tNimi\t\t\t\t\t\t\t<\/label>\n\t\t\t\t\t\t\t\t\t\t\t\t\t\t<input size=\"1\" type=\"text\" name=\"form_fields[name]\" id=\"form-field-name\" class=\"elementor-field elementor-size-md  elementor-field-textual\" placeholder=\"Nimi\">\n\t\t\t\t\t\t\t\t\t\t\t<\/div>\n\t\t\t\t\t\t\t\t<div class=\"elementor-field-type-email elementor-field-group elementor-column elementor-field-group-email elementor-col-50 elementor-field-required\">\n\t\t\t\t\t\t\t\t\t\t\t\t<label for=\"form-field-email\" class=\"elementor-field-label elementor-screen-only\">\n\t\t\t\t\t\t\t\tS\u00e4hk\u00f6posti\t\t\t\t\t\t\t<\/label>\n\t\t\t\t\t\t\t\t\t\t\t\t\t\t<input size=\"1\" type=\"email\" name=\"form_fields[email]\" id=\"form-field-email\" class=\"elementor-field elementor-size-md  elementor-field-textual\" placeholder=\"S\u00e4hk\u00f6posti\" required=\"required\">\n\t\t\t\t\t\t\t\t\t\t\t<\/div>\n\t\t\t\t\t\t\t\t<div class=\"elementor-field-type-email elementor-field-group elementor-column elementor-field-group-field_b028a86 elementor-col-50 elementor-field-required\">\n\t\t\t\t\t\t\t\t\t\t\t\t<label for=\"form-field-field_b028a86\" class=\"elementor-field-label elementor-screen-only\">\n\t\t\t\t\t\t\t\tAuton merkki ja malli \t\t\t\t\t\t\t<\/label>\n\t\t\t\t\t\t\t\t\t\t\t\t\t\t<input size=\"1\" type=\"email\" name=\"form_fields[field_b028a86]\" id=\"form-field-field_b028a86\" class=\"elementor-field elementor-size-md  elementor-field-textual\" placeholder=\"Auton merkki ja malli\" required=\"required\">\n\t\t\t\t\t\t\t\t\t\t\t<\/div>\n\t\t\t\t\t\t\t\t<div class=\"elementor-field-type-email elementor-field-group elementor-column elementor-field-group-field_36cf6ba elementor-col-50 elementor-field-required\">\n\t\t\t\t\t\t\t\t\t\t\t\t<label for=\"form-field-field_36cf6ba\" class=\"elementor-field-label elementor-screen-only\">\n\t\t\t\t\t\t\t\tS\u00e4hk\u00f6posti\t\t\t\t\t\t\t<\/label>\n\t\t\t\t\t\t\t\t\t\t\t\t\t\t<input size=\"1\" type=\"email\" name=\"form_fields[field_36cf6ba]\" id=\"form-field-field_36cf6ba\" class=\"elementor-field elementor-size-md  elementor-field-textual\" placeholder=\"Rekisterinumero \/ VIN \" required=\"required\">\n\t\t\t\t\t\t\t\t\t\t\t<\/div>\n\t\t\t\t\t\t\t\t<div class=\"elementor-field-type-email elementor-field-group elementor-column elementor-field-group-field_c31cc0e elementor-col-50 elementor-field-required\">\n\t\t\t\t\t\t\t\t\t\t\t\t<label for=\"form-field-field_c31cc0e\" class=\"elementor-field-label elementor-screen-only\">\n\t\t\t\t\t\t\t\tS\u00e4hk\u00f6posti\t\t\t\t\t\t\t<\/label>\n\t\t\t\t\t\t\t\t\t\t\t\t\t\t<input size=\"1\" type=\"email\" name=\"form_fields[field_c31cc0e]\" id=\"form-field-field_c31cc0e\" class=\"elementor-field elementor-size-md  elementor-field-textual\" placeholder=\"Osanumero (valinnainen). \/ VIN \" required=\"required\">\n\t\t\t\t\t\t\t\t\t\t\t<\/div>\n\t\t\t\t\t\t\t\t<div class=\"elementor-field-type-email elementor-field-group elementor-column elementor-field-group-field_a5c7f7f elementor-col-50 elementor-field-required\">\n\t\t\t\t\t\t\t\t\t\t\t\t<label for=\"form-field-field_a5c7f7f\" class=\"elementor-field-label elementor-screen-only\">\n\t\t\t\t\t\t\t\tS\u00e4hk\u00f6posti\t\t\t\t\t\t\t<\/label>\n\t\t\t\t\t\t\t\t\t\t\t\t\t\t<input size=\"1\" type=\"email\" name=\"form_fields[field_a5c7f7f]\" id=\"form-field-field_a5c7f7f\" class=\"elementor-field elementor-size-md  elementor-field-textual\" placeholder=\"Laatu, uusi\/k\u00e4ytetty (valinnainen).\" required=\"required\">\n\t\t\t\t\t\t\t\t\t\t\t<\/div>\n\t\t\t\t\t\t\t\t<div class=\"elementor-field-type-textarea elementor-field-group elementor-column elementor-field-group-field_272c1b2 elementor-col-100\">\n\t\t\t\t\t\t\t\t\t\t\t\t<label for=\"form-field-field_272c1b2\" class=\"elementor-field-label elementor-screen-only\">\n\t\t\t\t\t\t\t\tViesti\t\t\t\t\t\t\t<\/label>\n\t\t\t\t\t\t<textarea class=\"elementor-field-textual elementor-field  elementor-size-md\" name=\"form_fields[field_272c1b2]\" id=\"form-field-field_272c1b2\" rows=\"3\" placeholder=\"Mahdollisimman tarkka kuvaus etsitt\u00e4v\u00e4st\u00e4 osasta.\"><\/textarea>\t\t\t\t<\/div>\n\t\t\t\t\t\t\t\t<div class=\"elementor-field-group elementor-column elementor-field-type-submit elementor-col-100 e-form__buttons\">\n\t\t\t\t\t<button class=\"elementor-button elementor-size-md\" type=\"submit\">\n\t\t\t\t\t\t<span class=\"elementor-button-content-wrapper\">\n\t\t\t\t\t\t\t\t\t\t\t\t\t\t\t\t\t\t\t\t\t\t<span class=\"elementor-button-text\">L\u00e4het\u00e4<\/span>\n\t\t\t\t\t\t\t\t\t\t\t\t\t<\/span>\n\t\t\t\t\t<\/button>\n\t\t\t\t<\/div>\n\t\t\t<\/div>\n\t\t<\/form>\n\t\t\t\t\t\t<\/div>\n\t\t\t\t<\/div>\n\t\t\t\t<\/div>\n\t\t\t\t<div class=\"elementor-element elementor-element-a89edb8 elementor-widget elementor-widget-html\" data-id=\"a89edb8\" data-element_type=\"widget\" data-e-type=\"widget\" data-widget_type=\"html.default\">\n\t\t\t\t\t<div class=\"inf-carousel inf-carousel--full\" style=\"--inf-h:150px; --inf-gap:25px; --inf-duration:35s;\">\r\n  <div class=\"inf-carousel__track\">\r\n    <!-- SET #1 -->\r\n    <div class=\"inf-carousel__slide\"><img decoding=\"async\" src=\"https:\/\/nn247.ngmprojektit.fi\/wp-content\/uploads\/2026\/02\/logo1.png\" alt=\"Logo 1\"><\/div>\r\n    <div class=\"inf-carousel__slide\"><img decoding=\"async\" src=\"https:\/\/nn247.ngmprojektit.fi\/wp-content\/uploads\/2026\/02\/logo2.png\" alt=\"Logo 2\"><\/div>\r\n    <div class=\"inf-carousel__slide\"><img decoding=\"async\" src=\"https:\/\/nn247.ngmprojektit.fi\/wp-content\/uploads\/2026\/02\/logo3.png\" alt=\"Logo 3\"><\/div>\r\n    <div class=\"inf-carousel__slide\"><img decoding=\"async\" src=\"https:\/\/nn247.ngmprojektit.fi\/wp-content\/uploads\/2026\/02\/logo4.png\" alt=\"Logo 4\"><\/div>\r\n\r\n    <!-- SET #2 -->\r\n    <div class=\"inf-carousel__slide\"><img decoding=\"async\" src=\"https:\/\/nn247.ngmprojektit.fi\/wp-content\/uploads\/2026\/02\/logo1.png\" alt=\"Logo 1\"><\/div>\r\n    <div class=\"inf-carousel__slide\"><img decoding=\"async\" src=\"https:\/\/nn247.ngmprojektit.fi\/wp-content\/uploads\/2026\/02\/logo2.png\" alt=\"Logo 2\"><\/div>\r\n    <div class=\"inf-carousel__slide\"><img decoding=\"async\" src=\"https:\/\/nn247.ngmprojektit.fi\/wp-content\/uploads\/2026\/02\/logo3.png\" alt=\"Logo 3\"><\/div>\r\n    <div class=\"inf-carousel__slide\"><img decoding=\"async\" src=\"https:\/\/nn247.ngmprojektit.fi\/wp-content\/uploads\/2026\/02\/logo4.png\" alt=\"Logo 4\"><\/div>\r\n\r\n    <!-- SET #3 -->\r\n    <div class=\"inf-carousel__slide\"><img decoding=\"async\" src=\"https:\/\/nn247.ngmprojektit.fi\/wp-content\/uploads\/2026\/02\/logo1.png\" alt=\"Logo 1\"><\/div>\r\n    <div class=\"inf-carousel__slide\"><img decoding=\"async\" src=\"https:\/\/nn247.ngmprojektit.fi\/wp-content\/uploads\/2026\/02\/logo2.png\" alt=\"Logo 2\"><\/div>\r\n    <div class=\"inf-carousel__slide\"><img decoding=\"async\" src=\"https:\/\/nn247.ngmprojektit.fi\/wp-content\/uploads\/2026\/02\/logo3.png\" alt=\"Logo 3\"><\/div>\r\n    <div class=\"inf-carousel__slide\"><img decoding=\"async\" src=\"https:\/\/nn247.ngmprojektit.fi\/wp-content\/uploads\/2026\/02\/logo4.png\" alt=\"Logo 4\"><\/div>\r\n  <\/div>\r\n<\/div>\r\n\r\n<style>\r\n  .inf-carousel{\r\n    width:100%;\r\n    overflow:hidden;\r\n    position:relative;\r\n    --inf-h:150px;\r\n    --inf-gap:15px;\r\n    --inf-duration:35s;\r\n  }\r\n  .inf-carousel--full{\r\n    width:100vw;\r\n    margin-left:calc(50% - 50vw);\r\n    margin-right:calc(50% - 50vw);\r\n  }\r\n  .inf-carousel__track{\r\n    display:flex;\r\n    flex-wrap:nowrap !important;\r\n    align-items:center;\r\n    gap:var(--inf-gap,15px);\r\n    animation:inf-carousel-scroll var(--inf-duration,25s) linear infinite;\r\n    will-change:transform;\r\n  }\r\n  .inf-carousel__slide + .inf-carousel__slide{\r\n    margin-left:var(--inf-gap,15px);\r\n  }\r\n  .inf-carousel__slide{\r\n    flex:0 0 auto;\r\n    line-height:0;\r\n    margin:0;\r\n    padding:0;\r\n  }\r\n  .inf-carousel__slide img{\r\n    height:var(--inf-h) !important;\r\n    width:auto !important;\r\n    display:block;\r\n    max-width:none !important;\r\n  }\r\n  @keyframes inf-carousel-scroll{\r\n    0%{transform:translateX(0);}\r\n    100%{transform:translateX(-50%);}\r\n  }\r\n  @keyframes inf-carousel-scroll-px{\r\n    from{transform:translateX(0);}\r\n    to{transform:translateX(var(--inf-shift,-100%));}\r\n  }\r\n  @media (prefers-reduced-motion:reduce){\r\n    .inf-carousel__track{animation-duration:calc(var(--inf-duration,25s)*2);}\r\n  }\r\n<\/style>\r\n\r\n<script>\r\n(function(){\r\n  const roots = document.querySelectorAll('.inf-carousel');\r\n  roots.forEach(root=>{\r\n    const track = root.querySelector('.inf-carousel__track');\r\n    if(!track) return;\r\n\r\n    const minNeeded = root.offsetWidth * 2;\r\n    function trackContentWidth(){\r\n      return Array.from(track.children).reduce((w,el)=>w+el.offsetWidth,0);\r\n    }\r\n\r\n    let w = trackContentWidth();\r\n    if(w && w < minNeeded){\r\n      const children = Array.from(track.children);\r\n      while(w < minNeeded){\r\n        children.forEach(ch=>{\r\n          const c = ch.cloneNode(true);\r\n          c.setAttribute('aria-hidden','true');\r\n          track.appendChild(c);\r\n        });\r\n        w = trackContentWidth();\r\n      }\r\n\r\n      const origWidth = children.reduce((sum,el)=>sum+el.offsetWidth,0);\r\n      root.style.setProperty('--inf-shift', '-' + origWidth + 'px');\r\n      const speed = root.style.getPropertyValue('--inf-duration') || '25s';\r\n      track.style.animation = `inf-carousel-scroll-px ${speed} linear infinite`;\r\n    }\r\n  });\r\n})();\r\n<\/script>\t\t\t\t<\/div>\n\t\t\t\t\t<\/div>\n\t\t\t\t<\/div>\n\t\t\t\t<\/div>\n\t\t","protected":false},"excerpt":{"rendered":"<p>N247 &#8211; Parts Autamme sinua valitsemaan oikean osan k\u00e4ytt\u00f6tarkoituksen, budjetin ja ajoneuvon mukaan. N\u00e4in varmistat parhaan mahdollisen lopputuloksen ilman turhia kustannuksia. N247 Parts T\u00e4yt\u00e4 lomake ja kerro, mit\u00e4 varaosia tarvitset. Etsimme sinulle sopivimmat vaihtoehdot eri laatuluokista \u2013 nopeasti ja vaivattomasti. Varaosalomake<\/p>\n","protected":false},"author":1,"featured_media":0,"parent":0,"menu_order":0,"comment_status":"closed","ping_status":"closed","template":"elementor_header_footer","meta":{"footnotes":""},"class_list":["post-1040","page","type-page","status-publish","hentry"],"_links":{"self":[{"href":"https:\/\/nn247.ngmprojektit.fi\/index.php?rest_route=\/wp\/v2\/pages\/1040","targetHints":{"allow":["GET"]}}],"collection":[{"href":"https:\/\/nn247.ngmprojektit.fi\/index.php?rest_route=\/wp\/v2\/pages"}],"about":[{"href":"https:\/\/nn247.ngmprojektit.fi\/index.php?rest_route=\/wp\/v2\/types\/page"}],"author":[{"embeddable":true,"href":"https:\/\/nn247.ngmprojektit.fi\/index.php?rest_route=\/wp\/v2\/users\/1"}],"replies":[{"embeddable":true,"href":"https:\/\/nn247.ngmprojektit.fi\/index.php?rest_route=%2Fwp%2Fv2%2Fcomments&post=1040"}],"version-history":[{"count":28,"href":"https:\/\/nn247.ngmprojektit.fi\/index.php?rest_route=\/wp\/v2\/pages\/1040\/revisions"}],"predecessor-version":[{"id":1072,"href":"https:\/\/nn247.ngmprojektit.fi\/index.php?rest_route=\/wp\/v2\/pages\/1040\/revisions\/1072"}],"wp:attachment":[{"href":"https:\/\/nn247.ngmprojektit.fi\/index.php?rest_route=%2Fwp%2Fv2%2Fmedia&parent=1040"}],"curies":[{"name":"wp","href":"https:\/\/api.w.org\/{rel}","templated":true}]}}